
{"id":8589,"date":"2020-12-04T12:55:26","date_gmt":"2020-12-04T15:55:26","guid":{"rendered":"https:\/\/epe.santafe.gov.ar\/programa-era\/?page_id=8589"},"modified":"2021-01-04T13:11:33","modified_gmt":"2021-01-04T16:11:33","slug":"preguntas-frecuentes","status":"publish","type":"page","link":"https:\/\/epe.santafe.gov.ar\/renovables\/preguntas-frecuentes\/","title":{"rendered":"Preguntas frecuentes"},"content":{"rendered":"","protected":false},"excerpt":{"rendered":"","protected":false},"author":1,"featured_media":0,"parent":0,"menu_order":0,"comment_status":"closed","ping_status":"closed","template":"page-templates\/template-page-preguntas-frecuentes.php","meta":[],"yoast_head":"<!-- This site is optimized with the Yoast SEO plugin v14.6.1 - https:\/\/yoast.com\/wordpress\/plugins\/seo\/ -->\n<title>Preguntas frecuentes - Prosumidores<\/title>\n<meta name=\"description\" content=\"Encontr\u00e1 toda la informaci\u00f3n sobre Programa ERA en la secci\u00f3n de preguntas frecuentes\" \/>\n<meta name=\"robots\" content=\"index, follow\" \/>\n<meta name=\"googlebot\" content=\"index, follow, max-snippet:-1, max-image-preview:large, max-video-preview:-1\" \/>\n<meta name=\"bingbot\" content=\"index, follow, max-snippet:-1, max-image-preview:large, max-video-preview:-1\" \/>\n<link rel=\"canonical\" href=\"https:\/\/epe.santafe.gov.ar\/programa-era\/preguntas-frecuentes\/\" \/>\n<meta property=\"og:locale\" content=\"es_ES\" \/>\n<meta property=\"og:type\" content=\"article\" \/>\n<meta property=\"og:title\" content=\"Preguntas frecuentes - Prosumidores\" \/>\n<meta property=\"og:description\" content=\"Encontr\u00e1 toda la informaci\u00f3n sobre Programa ERA en la secci\u00f3n de preguntas frecuentes\" \/>\n<meta property=\"og:url\" content=\"https:\/\/epe.santafe.gov.ar\/programa-era\/preguntas-frecuentes\/\" \/>\n<meta property=\"og:site_name\" content=\"Prosumidores\" \/>\n<meta property=\"article:modified_time\" content=\"2021-01-04T16:11:33+00:00\" \/>\n<meta name=\"twitter:card\" content=\"summary_large_image\" \/>\n<script type=\"application\/ld+json\" class=\"yoast-schema-graph\">{\"@context\":\"https:\/\/schema.org\",\"@graph\":[{\"@type\":\"WebSite\",\"@id\":\"https:\/\/epe.santafe.gov.ar\/renovables\/#website\",\"url\":\"https:\/\/epe.santafe.gov.ar\/renovables\/\",\"name\":\"Prosumidores\",\"description\":\"Energ\\u00eda m\\u00e1s eficiente\",\"potentialAction\":[{\"@type\":\"SearchAction\",\"target\":\"https:\/\/epe.santafe.gov.ar\/renovables\/?s={search_term_string}\",\"query-input\":\"required name=search_term_string\"}],\"inLanguage\":\"es\"},{\"@type\":\"WebPage\",\"@id\":\"https:\/\/epe.santafe.gov.ar\/programa-era\/preguntas-frecuentes\/#webpage\",\"url\":\"https:\/\/epe.santafe.gov.ar\/programa-era\/preguntas-frecuentes\/\",\"name\":\"Preguntas frecuentes - Prosumidores\",\"isPartOf\":{\"@id\":\"https:\/\/epe.santafe.gov.ar\/renovables\/#website\"},\"datePublished\":\"2020-12-04T15:55:26+00:00\",\"dateModified\":\"2021-01-04T16:11:33+00:00\",\"description\":\"Encontr\\u00e1 toda la informaci\\u00f3n sobre Programa ERA en la secci\\u00f3n de preguntas frecuentes\",\"inLanguage\":\"es\",\"potentialAction\":[{\"@type\":\"ReadAction\",\"target\":[\"https:\/\/epe.santafe.gov.ar\/programa-era\/preguntas-frecuentes\/\"]}]}]}<\/script>\n<!-- \/ Yoast SEO plugin. -->","_links":{"self":[{"href":"https:\/\/epe.santafe.gov.ar\/renovables\/wp-json\/wp\/v2\/pages\/8589"}],"collection":[{"href":"https:\/\/epe.santafe.gov.ar\/renovables\/wp-json\/wp\/v2\/pages"}],"about":[{"href":"https:\/\/epe.santafe.gov.ar\/renovables\/wp-json\/wp\/v2\/types\/page"}],"author":[{"embeddable":true,"href":"https:\/\/epe.santafe.gov.ar\/renovables\/wp-json\/wp\/v2\/users\/1"}],"replies":[{"embeddable":true,"href":"https:\/\/epe.santafe.gov.ar\/renovables\/wp-json\/wp\/v2\/comments?post=8589"}],"version-history":[{"count":2,"href":"https:\/\/epe.santafe.gov.ar\/renovables\/wp-json\/wp\/v2\/pages\/8589\/revisions"}],"predecessor-version":[{"id":8895,"href":"https:\/\/epe.santafe.gov.ar\/renovables\/wp-json\/wp\/v2\/pages\/8589\/revisions\/8895"}],"wp:attachment":[{"href":"https:\/\/epe.santafe.gov.ar\/renovables\/wp-json\/wp\/v2\/media?parent=8589"}],"curies":[{"name":"wp","href":"https:\/\/api.w.org\/{rel}","templated":true}]}}